{"id":17,"date":"2025-04-15T15:39:21","date_gmt":"2025-04-15T15:39:21","guid":{"rendered":"https:\/\/www.propesq.ufpb.br\/enic\/?page_id=17"},"modified":"2025-04-15T15:39:21","modified_gmt":"2025-04-15T15:39:21","slug":"comite","status":"publish","type":"page","link":"https:\/\/www.propesq.ufpb.br\/enic\/comite\/","title":{"rendered":"Comit\u00ea"},"content":{"rendered":"\n<h2 class=\"wp-block-heading\"><div class=\"linha-header\"><strong>COORDENA\u00c7\u00c3O GERAL DOS PROGRAMAS ACAD\u00caMICOS E DE INICIA\u00c7\u00c3O CIENT\u00cdFICA<\/strong><\/div><\/h2>\n\n\n\n<h3 class=\"wp-block-heading\"><strong>Comit\u00ea Institucional dos Programas de Inicia\u00e7\u00e3o Cient\u00edfica<\/strong><\/h3>\n\n\n\n<p>RESOLU\u00c7\u00c3O N\u00ba 01\/2017<\/p>\n\n\n\n<p>Art. 133-G. O Comit\u00ea Institucional de Programas de Inicia\u00e7\u00e3o Cient\u00edfica (CIPIC) \u00e9 o \u00f3rg\u00e3o consultivo da Coordena\u00e7\u00e3o-Geral de Pesquisa incumbido das atividades relativas ao apoio a todos os programas de inicia\u00e7\u00e3o cient\u00edfica da Universidade.<\/p>\n\n\n\n<figure class=\"wp-block-table is-style-stripes\"><table class=\"has-fixed-layout\"><thead><tr><th><strong>CENTROS<\/strong>\u2003<\/th><th><strong>REPRESENTANTES<\/strong>\u2003<\/th><\/tr><\/thead><tbody><tr><td>CCM<\/td><td><strong>TITULAR:<\/strong>&nbsp;<strong>Prof. Dr.<\/strong>&nbsp;Severino&nbsp; Aires de Ara\u00fajo Neto&nbsp;<\/td><\/tr><tr><td>CCHLA<\/td><td><strong>TITULAR:<\/strong>&nbsp;<strong>Profa. Dra.<\/strong>&nbsp;Carolina Gomes da Silva&nbsp;&nbsp;<strong>SUPLENTE:<\/strong>&nbsp;<strong>Profa. Dra.<\/strong>&nbsp;Ana Berenice Peres Martorelli<\/td><\/tr><tr><td>CI<\/td><td><strong>TITULAR:<\/strong>&nbsp;<strong>Prof. Dr.<\/strong>&nbsp;Teobaldo Bulh\u00f5es Leite J\u00fanior<br><strong>SUPLENTE:<\/strong>&nbsp;<strong>Prof. Dr.<\/strong>&nbsp;Ewerton Monteiro Salvador<\/td><\/tr><tr><td>CEAR<\/td><td><strong>TITULAR<\/strong>:&nbsp;<strong>Profa. Dra.<\/strong>&nbsp;Cristiane Kelly Ferreira da Silva&nbsp;<strong>SUPLENTE:&nbsp;<\/strong><strong>Prof. Dr.<\/strong>&nbsp;Darlan Alexandria Fernandes&nbsp;<\/td><\/tr><tr><td>CT<\/td><td><strong>TITULAR<\/strong>:&nbsp;<strong>Profa. Dra.<\/strong>&nbsp;Sheila Alves Bezerra da Costa Rego<strong>SUPLENTE:&nbsp;<\/strong><strong>Profa. Dra.<\/strong>&nbsp;Danielle Guedes de Lima Cavalcante<\/td><\/tr><tr><td>CTDR<\/td><td><strong>TITULAR:<\/strong>&nbsp;<strong>Profa. Dra.<\/strong>&nbsp;&nbsp;Marta Maria da Concei\u00e7\u00e3o<strong>SUPLENTE<\/strong>:&nbsp;<strong>Profa. Dra<\/strong>. &nbsp;Nataly Albuquerque dos Santos&nbsp;<\/td><\/tr><tr><td>CCS<\/td><td><strong>TITULAR:<\/strong>&nbsp;<strong>Profa. Dra.<\/strong>&nbsp;Bagn\u00f3lia Ara\u00fajo Costa<strong>SUPLENTE<\/strong>:&nbsp;<strong>Profa. Dra<\/strong>. Fabiana de Andrade Cavalcante Oliveira<\/td><\/tr><tr><td>CCA<\/td><td><strong>TITULAR: Prof. Dr.&nbsp;<\/strong>Normando Mendes Ribeiro Filho<strong>SUPLENTE:&nbsp;<\/strong><strong>Prof. Dr.&nbsp;<\/strong>Bruno&nbsp;de Oliveira&nbsp;Dias<\/td><\/tr><tr><td>CCSA<\/td><td><strong>TITULAR:&nbsp;<\/strong><strong>Profa. Dra.<\/strong>&nbsp;Maria Daniella de Oliveira Pereira da Silva<br><strong>SUPLENTE: Prof. Dr.&nbsp;<\/strong>Paulo Aguiar do Monte&nbsp;<\/td><\/tr><tr><td>CCAE<\/td><td><strong>TITULAR: Prof. Dra.&nbsp;<\/strong>Ana Maria Magalh\u00e3es Correia&nbsp;<strong>SUPLENTE: Profa. Dra.&nbsp;&nbsp;<\/strong>Renata Monteiro Garcia<\/td><\/tr><tr><td>CCHSA<\/td><td><strong>TITULAR:<\/strong>&nbsp;&nbsp;<strong>Profa. Dra.<\/strong>&nbsp;Maria Jos\u00e9 de Figueiredo<\/td><\/tr><tr><td>CCTA<\/td><td><strong>TITULAR<\/strong>:&nbsp;<strong>Profa. Dra.<\/strong>&nbsp;Marcleide Maria Macedo Pederneiras&nbsp;<strong>SUPLENTE:&nbsp;<\/strong><strong>Profa. Dra.<\/strong>&nbsp;Joelma Abrantes Guedes Temoteo&nbsp;<\/td><\/tr><tr><td>CCJ<\/td><td><strong>TITULAR<\/strong>:&nbsp;<strong>Profa. Dra.<\/strong>&nbsp;Roberta Candeia Gon\u00e7alves<\/td><\/tr><tr><td>CCEN<\/td><td><strong>TITULAR:<\/strong>&nbsp;<strong>Prof. Dr.<\/strong>&nbsp;M\u00e1rcio Silva Santo&nbsp;<strong>SUPLENTE<\/strong>:&nbsp;<strong>Prof. Dr.<\/strong>&nbsp; Herondy Francisco Santana Mota&nbsp;<\/td><\/tr><tr><td>CE<\/td><td><strong>TITULAR:&nbsp;Profa. Dra.<\/strong>&nbsp;V\u00edvia de Melo Silva<strong>SUPLENTE:<\/strong>&nbsp;&nbsp;<strong>Profa. Dra.<\/strong>&nbsp;Viviany Silva Ara\u00fajo Pessoa&nbsp;<\/td><\/tr><tr><td>CBIOTEC<\/td><td><strong>TITULAR<\/strong>:&nbsp;<strong>Profa. Dra.&nbsp;<\/strong>Tatjana Keesen de Sousa Lima<strong>SUPLENTE:<\/strong>&nbsp;<strong>Profa. Dra.&nbsp;<\/strong>Elis\u00e2ngela Afonso Moura Kretzschmar<\/td><\/tr><tr><td>Col\u00e9gio Agr\u00edcola Vital de Negreiros<\/td><td><strong>TITULAR<\/strong>:&nbsp;<strong>Profa. Dra.&nbsp;<\/strong>Ana Patr\u00edcia Almeida Bezerra<strong>SUPLENTE:<\/strong>&nbsp;<strong>Prof. Dr.&nbsp;<\/strong>F\u00e1bio Anderson Pereira da Silva<\/td><\/tr><tr><td>Escola T\u00e9cnica de Sa\u00fade (CPT-ETS)<\/td><td><strong>TITULAR: Prof. Dr.<\/strong>&nbsp;Jo\u00e3o Felipe Bezerra<\/td><\/tr><\/tbody><\/table><\/figure>\n","protected":false},"excerpt":{"rendered":"<p>COORDENA\u00c7\u00c3O GERAL DOS PROGRAMAS ACAD\u00caMICOS E DE INICIA\u00c7\u00c3O CIENT\u00cdFICA Comit\u00ea Institucional dos Programas de Inicia\u00e7\u00e3o [&hellip;]<\/p>\n","protected":false},"author":47,"featured_media":0,"parent":0,"menu_order":0,"comment_status":"closed","ping_status":"closed","template":"","meta":{"footnotes":""},"class_list":["post-17","page","type-page","status-publish","hentry"],"_links":{"self":[{"href":"https:\/\/www.propesq.ufpb.br\/enic\/wp-json\/wp\/v2\/pages\/17","targetHints":{"allow":["GET"]}}],"collection":[{"href":"https:\/\/www.propesq.ufpb.br\/enic\/wp-json\/wp\/v2\/pages"}],"about":[{"href":"https:\/\/www.propesq.ufpb.br\/enic\/wp-json\/wp\/v2\/types\/page"}],"author":[{"embeddable":true,"href":"https:\/\/www.propesq.ufpb.br\/enic\/wp-json\/wp\/v2\/users\/47"}],"replies":[{"embeddable":true,"href":"https:\/\/www.propesq.ufpb.br\/enic\/wp-json\/wp\/v2\/comments?post=17"}],"version-history":[{"count":1,"href":"https:\/\/www.propesq.ufpb.br\/enic\/wp-json\/wp\/v2\/pages\/17\/revisions"}],"predecessor-version":[{"id":18,"href":"https:\/\/www.propesq.ufpb.br\/enic\/wp-json\/wp\/v2\/pages\/17\/revisions\/18"}],"wp:attachment":[{"href":"https:\/\/www.propesq.ufpb.br\/enic\/wp-json\/wp\/v2\/media?parent=17"}],"curies":[{"name":"wp","href":"https:\/\/api.w.org\/{rel}","templated":true}]}}