{"id":27,"date":"2025-04-15T15:43:12","date_gmt":"2025-04-15T15:43:12","guid":{"rendered":"https:\/\/www.propesq.ufpb.br\/enic\/?page_id=27"},"modified":"2025-04-15T15:43:12","modified_gmt":"2025-04-15T15:43:12","slug":"publicacoes","status":"publish","type":"page","link":"https:\/\/www.propesq.ufpb.br\/enic\/publicacoes\/","title":{"rendered":"Publica\u00e7\u00f5es"},"content":{"rendered":"\n<p><a href=\"http:\/\/www.propesq.ufpb.br\/propesq\/contents\/menu\/publicacoes\/anais-de-iniciacao-cientifica\">Anais de Inicia\u00e7\u00e3o Cient\u00edfica<\/a><\/p>\n\n\n\n<p><a href=\"http:\/\/www.propesq.ufpb.br\/propesq\/contents\/menu\/publicacoes\/serie-iniciados-trabalhos-premiados\">S\u00e9rie Iniciados &#8211; Trabalhos Premiados<\/a><\/p>\n","protected":false},"excerpt":{"rendered":"<p>Anais de Inicia\u00e7\u00e3o Cient\u00edfica S\u00e9rie Iniciados &#8211; Trabalhos Premiados<\/p>\n","protected":false},"author":47,"featured_media":0,"parent":0,"menu_order":0,"comment_status":"closed","ping_status":"closed","template":"","meta":{"footnotes":""},"class_list":["post-27","page","type-page","status-publish","hentry"],"_links":{"self":[{"href":"https:\/\/www.propesq.ufpb.br\/enic\/wp-json\/wp\/v2\/pages\/27","targetHints":{"allow":["GET"]}}],"collection":[{"href":"https:\/\/www.propesq.ufpb.br\/enic\/wp-json\/wp\/v2\/pages"}],"about":[{"href":"https:\/\/www.propesq.ufpb.br\/enic\/wp-json\/wp\/v2\/types\/page"}],"author":[{"embeddable":true,"href":"https:\/\/www.propesq.ufpb.br\/enic\/wp-json\/wp\/v2\/users\/47"}],"replies":[{"embeddable":true,"href":"https:\/\/www.propesq.ufpb.br\/enic\/wp-json\/wp\/v2\/comments?post=27"}],"version-history":[{"count":1,"href":"https:\/\/www.propesq.ufpb.br\/enic\/wp-json\/wp\/v2\/pages\/27\/revisions"}],"predecessor-version":[{"id":28,"href":"https:\/\/www.propesq.ufpb.br\/enic\/wp-json\/wp\/v2\/pages\/27\/revisions\/28"}],"wp:attachment":[{"href":"https:\/\/www.propesq.ufpb.br\/enic\/wp-json\/wp\/v2\/media?parent=27"}],"curies":[{"name":"wp","href":"https:\/\/api.w.org\/{rel}","templated":true}]}}