{"id":6,"date":"2025-04-15T15:36:22","date_gmt":"2025-04-15T15:36:22","guid":{"rendered":"https:\/\/www.propesq.ufpb.br\/enic\/?page_id=6"},"modified":"2025-11-24T20:44:42","modified_gmt":"2025-11-24T20:44:42","slug":"apresentacao","status":"publish","type":"page","link":"https:\/\/www.propesq.ufpb.br\/enic\/apresentacao\/","title":{"rendered":"Apresenta\u00e7\u00e3o"},"content":{"rendered":"\n<p>O <strong>Encontro de Inicia\u00e7\u00e3o Cient\u00edfica da Universidade Federal da Para\u00edba<\/strong> (ENIC\/UFPB) \u00e9 um evento acad\u00eamico promovido pela Pr\u00f3-Reitoria de Pesquisa (PROPESQ) que celebra e divulga a produ\u00e7\u00e3o cient\u00edfica desenvolvida por estudantes do ensino m\u00e9dio e da gradua\u00e7\u00e3o vinculados aos Programas de Inicia\u00e7\u00e3o Cient\u00edfica da UFPB.<\/p>\n\n\n\n<p>Consolidado como um dos principais espa\u00e7os de promo\u00e7\u00e3o da pesquisa universit\u00e1ria, o ENIC tem como miss\u00e3o fortalecer a cultura cient\u00edfica, incentivar o protagonismo estudantil e fomentar o di\u00e1logo entre diferentes \u00e1reas do conhecimento. Por meio da apresenta\u00e7\u00e3o de trabalhos, o evento evidencia o compromisso da UFPB com a forma\u00e7\u00e3o de novos pesquisadores e com o avan\u00e7o da ci\u00eancia em suas m\u00faltiplas dimens\u00f5es.<\/p>\n\n\n\n<p>Durante o ENIC, s\u00e3o apresentados trabalhos vinculados aos programas PIBIC, PIBIC-Af, PIBITI, PIBIC-EM, PIVIC, PIVITI e PIBIC-FAPESQ, abrangendo todas as grandes \u00e1reas do saber. As apresenta\u00e7\u00f5es, realizadas em formato oral, proporcionam o interc\u00e2mbio de ideias, o aprimoramento de habilidades comunicativas e o reconhecimento das trajet\u00f3rias acad\u00eamicas de discentes e orientadores.<\/p>\n\n\n\n<p>O ENIC \u00e9 tamb\u00e9m um espa\u00e7o de valoriza\u00e7\u00e3o institucional, refletindo o impacto da inicia\u00e7\u00e3o cient\u00edfica na forma\u00e7\u00e3o de profissionais qualificados, na produ\u00e7\u00e3o de conhecimento e na inser\u00e7\u00e3o dos egressos em programas de p\u00f3s-gradua\u00e7\u00e3o e no mercado de trabalho. Por meio do ENIC, a UFPB reafirma seu papel como celeiro de saberes, inova\u00e7\u00e3o e transforma\u00e7\u00e3o social.<\/p>\n\n\n\n<p>Em 2025, o evento ser\u00e1 realizado nos campi de Jo\u00e3o Pessoa, Mamanguape e Areia, nas seguintes datas e n\u00fameros de trabalhos:<\/p>\n\n\n\n<pre class=\"wp-block-code\"><code>Campus I \u2013 Jo\u00e3o Pessoa: 24 a 28 de novembro de 2025 \u2013 1.322 trabalhos.\nCampus IV \u2013 Mamanguape: 2 de dezembro de 2025 \u2013 189 trabalhos.\nCampus II \u2013 Areia: 10 e 11 de dezembro de 2025 \u2013 37 trabalhos.\n<\/code><\/pre>\n\n\n\n<p>A comunidade acad\u00eamica da UFPB e o p\u00fablico em geral est\u00e3o convidados a participar deste momento de celebra\u00e7\u00e3o da ci\u00eancia, da curiosidade e do aprendizado. Venha conhecer, compartilhar e se inspirar com as pesquisas que constroem o futuro da nossa universidade e da sociedade.<\/p>\n\n\n\n<p class=\"has-text-align-center\">Prof. Dr. Jos\u00e9 Roberto Soares<br>Pr\u00f3-Reitor de Pesquisa<\/p>\n","protected":false},"excerpt":{"rendered":"<p>O Encontro de Inicia\u00e7\u00e3o Cient\u00edfica (ENIC) \u00e9 um evento destinado aos estudantes participantes dos Programas de Inicia\u00e7\u00e3o Cient\u00edfica da Universidade Federal da Para\u00edba. O evento \u00e9 distribu\u00eddo entre os Centros de Ensino, agrupados por afinidade de \u00e1rea de pesquisa ou localiza\u00e7\u00e3o, conforme a programa\u00e7\u00e3o. Os trabalhos apresentados no ENIC s\u00e3o publicados na revista \u201cIniciados\u201d, da Pr\u00f3-Reitoria de Pesquisa da UFPB.<\/p>\n","protected":false},"author":47,"featured_media":61,"parent":0,"menu_order":0,"comment_status":"closed","ping_status":"closed","template":"","meta":{"footnotes":""},"class_list":["post-6","page","type-page","status-publish","has-post-thumbnail","hentry"],"_links":{"self":[{"href":"https:\/\/www.propesq.ufpb.br\/enic\/wp-json\/wp\/v2\/pages\/6","targetHints":{"allow":["GET"]}}],"collection":[{"href":"https:\/\/www.propesq.ufpb.br\/enic\/wp-json\/wp\/v2\/pages"}],"about":[{"href":"https:\/\/www.propesq.ufpb.br\/enic\/wp-json\/wp\/v2\/types\/page"}],"author":[{"embeddable":true,"href":"https:\/\/www.propesq.ufpb.br\/enic\/wp-json\/wp\/v2\/users\/47"}],"replies":[{"embeddable":true,"href":"https:\/\/www.propesq.ufpb.br\/enic\/wp-json\/wp\/v2\/comments?post=6"}],"version-history":[{"count":7,"href":"https:\/\/www.propesq.ufpb.br\/enic\/wp-json\/wp\/v2\/pages\/6\/revisions"}],"predecessor-version":[{"id":126,"href":"https:\/\/www.propesq.ufpb.br\/enic\/wp-json\/wp\/v2\/pages\/6\/revisions\/126"}],"wp:featuredmedia":[{"embeddable":true,"href":"https:\/\/www.propesq.ufpb.br\/enic\/wp-json\/wp\/v2\/media\/61"}],"wp:attachment":[{"href":"https:\/\/www.propesq.ufpb.br\/enic\/wp-json\/wp\/v2\/media?parent=6"}],"curies":[{"name":"wp","href":"https:\/\/api.w.org\/{rel}","templated":true}]}}